{"id":10,"date":"2016-08-10T08:51:55","date_gmt":"2016-08-10T08:51:55","guid":{"rendered":"http:\/\/ipekceken.com\/\/?page_id=10"},"modified":"2018-06-25T18:09:34","modified_gmt":"2018-06-25T15:09:34","slug":"basinda","status":"publish","type":"page","link":"https:\/\/ipekceken.com\/en\/basinda\/","title":{"rendered":"PRESS"},"content":{"rendered":"<p><div class=\"fusion-fullwidth fullwidth-box fusion-builder-row-1 nonhundred-percent-fullwidth non-hundred-percent-height-scrolling\" style=\"background-color: rgba(255,255,255,0);background-position: center center;background-repeat: no-repeat;padding-top:50px;padding-right:0px;padding-bottom:0px;padding-left:0px;margin-bottom: 0px;margin-top: 0px;border-width: 0px 0px 0px 0px;border-color:#eae9e9;border-style:solid;\" ><div class=\"fusion-builder-row fusion-row\"><div class=\"fusion-layout-column fusion_builder_column fusion-builder-column-0 fusion_builder_column_1_1 1_1 fusion-one-full fusion-column-first fusion-column-last\" style=\"margin-top:0px;margin-bottom:20px;\"><div class=\"fusion-column-wrapper fusion-flex-column-wrapper-legacy\" style=\"background-position:left top;background-repeat:no-repeat;-webkit-background-size:cover;-moz-background-size:cover;-o-background-size:cover;background-size:cover;padding: 0px 0px 0px 0px;\"><style type=\"text\/css\">.fusion-gallery-1 .fusion-gallery-image {border:0px solid #e2e2e2;}<\/style><div class=\"fusion-gallery fusion-gallery-container fusion-grid-2 fusion-columns-total-8 fusion-gallery-layout-grid fusion-gallery-1\" style=\"margin:-11px;\"><div style=\"padding:11px;\" class=\"fusion-grid-column fusion-gallery-column fusion-gallery-column-2 hover-type-none\"><div class=\"fusion-gallery-image\"><a href=\"https:\/\/ipekceken.com\/wp-content\/uploads\/2018\/06\/farmalive-1.jpg\" rel=\"noreferrer\" data-rel=\"iLightbox[gallery_image_1]\" class=\"fusion-lightbox\"><img src=\"https:\/\/ipekceken.com\/wp-content\/uploads\/2018\/06\/farmalive-1.jpg\" width=\"1207\" height=\"1680\" alt=\"\" title=\"farmalive-1\" aria-label=\"farmalive-1\" class=\"img-responsive wp-image-1391\" srcset=\"https:\/\/ipekceken.com\/wp-content\/uploads\/2018\/06\/farmalive-1-200x278.jpg 200w, https:\/\/ipekceken.com\/wp-content\/uploads\/2018\/06\/farmalive-1-400x557.jpg 400w, https:\/\/ipekceken.com\/wp-content\/uploads\/2018\/06\/farmalive-1-600x835.jpg 600w, https:\/\/ipekceken.com\/wp-content\/uploads\/2018\/06\/farmalive-1-800x1114.jpg 800w, https:\/\/ipekceken.com\/wp-content\/uploads\/2018\/06\/farmalive-1-1200x1670.jpg 1200w, https:\/\/ipekceken.com\/wp-content\/uploads\/2018\/06\/farmalive-1.jpg 1207w\" sizes=\"(min-width: 2200px) 100vw, (min-width: 800px) 580px, (min-width: 640px) 800px, \" \/><\/a><\/div><\/div><div style=\"padding:11px;\" class=\"fusion-grid-column fusion-gallery-column fusion-gallery-column-2 hover-type-none\"><div class=\"fusion-gallery-image\"><a href=\"https:\/\/ipekceken.com\/wp-content\/uploads\/2018\/06\/kid-1.jpg\" rel=\"noreferrer\" data-rel=\"iLightbox[gallery_image_1]\" class=\"fusion-lightbox\"><img src=\"https:\/\/ipekceken.com\/wp-content\/uploads\/2018\/06\/kid-1.jpg\" width=\"2362\" height=\"1615\" alt=\"\" title=\"kid-1\" aria-label=\"kid-1\" class=\"img-responsive wp-image-1395\" srcset=\"https:\/\/ipekceken.com\/wp-content\/uploads\/2018\/06\/kid-1-200x137.jpg 200w, https:\/\/ipekceken.com\/wp-content\/uploads\/2018\/06\/kid-1-400x273.jpg 400w, https:\/\/ipekceken.com\/wp-content\/uploads\/2018\/06\/kid-1-600x410.jpg 600w, https:\/\/ipekceken.com\/wp-content\/uploads\/2018\/06\/kid-1-800x547.jpg 800w, https:\/\/ipekceken.com\/wp-content\/uploads\/2018\/06\/kid-1-1200x820.jpg 1200w, https:\/\/ipekceken.com\/wp-content\/uploads\/2018\/06\/kid-1.jpg 2362w\" sizes=\"(min-width: 2200px) 100vw, (min-width: 800px) 580px, (min-width: 640px) 800px, \" \/><\/a><\/div><\/div><div class=\"clearfix\"><\/div><div style=\"padding:11px;\" class=\"fusion-grid-column fusion-gallery-column fusion-gallery-column-2 hover-type-none\"><div class=\"fusion-gallery-image\"><a href=\"https:\/\/ipekceken.com\/wp-content\/uploads\/2018\/06\/farmalive-2.jpg\" rel=\"noreferrer\" data-rel=\"iLightbox[gallery_image_1]\" class=\"fusion-lightbox\"><img src=\"https:\/\/ipekceken.com\/wp-content\/uploads\/2018\/06\/farmalive-2.jpg\" width=\"2362\" height=\"1681\" alt=\"\" title=\"farmalive-2\" aria-label=\"farmalive-2\" class=\"img-responsive wp-image-1392\" srcset=\"https:\/\/ipekceken.com\/wp-content\/uploads\/2018\/06\/farmalive-2-200x142.jpg 200w, https:\/\/ipekceken.com\/wp-content\/uploads\/2018\/06\/farmalive-2-400x285.jpg 400w, https:\/\/ipekceken.com\/wp-content\/uploads\/2018\/06\/farmalive-2-600x427.jpg 600w, https:\/\/ipekceken.com\/wp-content\/uploads\/2018\/06\/farmalive-2-800x569.jpg 800w, https:\/\/ipekceken.com\/wp-content\/uploads\/2018\/06\/farmalive-2-1200x854.jpg 1200w, https:\/\/ipekceken.com\/wp-content\/uploads\/2018\/06\/farmalive-2.jpg 2362w\" sizes=\"(min-width: 2200px) 100vw, (min-width: 800px) 580px, (min-width: 640px) 800px, \" \/><\/a><\/div><\/div><div style=\"padding:11px;\" class=\"fusion-grid-column fusion-gallery-column fusion-gallery-column-2 hover-type-none\"><div class=\"fusion-gallery-image\"><a href=\"https:\/\/ipekceken.com\/wp-content\/uploads\/2018\/06\/farmalive-3.jpg\" rel=\"noreferrer\" data-rel=\"iLightbox[gallery_image_1]\" class=\"fusion-lightbox\"><img src=\"https:\/\/ipekceken.com\/wp-content\/uploads\/2018\/06\/farmalive-3.jpg\" width=\"2362\" height=\"1681\" alt=\"\" title=\"farmalive-3\" aria-label=\"farmalive-3\" class=\"img-responsive wp-image-1393\" srcset=\"https:\/\/ipekceken.com\/wp-content\/uploads\/2018\/06\/farmalive-3-200x142.jpg 200w, https:\/\/ipekceken.com\/wp-content\/uploads\/2018\/06\/farmalive-3-400x285.jpg 400w, https:\/\/ipekceken.com\/wp-content\/uploads\/2018\/06\/farmalive-3-600x427.jpg 600w, https:\/\/ipekceken.com\/wp-content\/uploads\/2018\/06\/farmalive-3-800x569.jpg 800w, https:\/\/ipekceken.com\/wp-content\/uploads\/2018\/06\/farmalive-3-1200x854.jpg 1200w, https:\/\/ipekceken.com\/wp-content\/uploads\/2018\/06\/farmalive-3.jpg 2362w\" sizes=\"(min-width: 2200px) 100vw, (min-width: 800px) 580px, (min-width: 640px) 800px, \" \/><\/a><\/div><\/div><div class=\"clearfix\"><\/div><div style=\"padding:11px;\" class=\"fusion-grid-column fusion-gallery-column fusion-gallery-column-2 hover-type-none\"><div class=\"fusion-gallery-image\"><a href=\"https:\/\/ipekceken.com\/wp-content\/uploads\/2018\/06\/17-mayis-2017-hurriyet.png\" rel=\"noreferrer\" data-rel=\"iLightbox[gallery_image_1]\" class=\"fusion-lightbox\"><img src=\"https:\/\/ipekceken.com\/wp-content\/uploads\/2018\/06\/17-mayis-2017-hurriyet.png\" width=\"1665\" height=\"1577\" alt=\"\" title=\"17-mayis-2017-hurriyet\" aria-label=\"17-mayis-2017-hurriyet\" class=\"img-responsive wp-image-1387\" srcset=\"https:\/\/ipekceken.com\/wp-content\/uploads\/2018\/06\/17-mayis-2017-hurriyet-200x189.png 200w, https:\/\/ipekceken.com\/wp-content\/uploads\/2018\/06\/17-mayis-2017-hurriyet-400x379.png 400w, https:\/\/ipekceken.com\/wp-content\/uploads\/2018\/06\/17-mayis-2017-hurriyet-600x568.png 600w, https:\/\/ipekceken.com\/wp-content\/uploads\/2018\/06\/17-mayis-2017-hurriyet-800x758.png 800w, https:\/\/ipekceken.com\/wp-content\/uploads\/2018\/06\/17-mayis-2017-hurriyet-1200x1137.png 1200w, https:\/\/ipekceken.com\/wp-content\/uploads\/2018\/06\/17-mayis-2017-hurriyet.png 1665w\" sizes=\"(min-width: 2200px) 100vw, (min-width: 800px) 580px, (min-width: 640px) 800px, \" \/><\/a><\/div><\/div><div style=\"padding:11px;\" class=\"fusion-grid-column fusion-gallery-column fusion-gallery-column-2 hover-type-none\"><div class=\"fusion-gallery-image\"><a href=\"https:\/\/ipekceken.com\/wp-content\/uploads\/2018\/06\/17-nisan-2018-cumhuriyet.png\" rel=\"noreferrer\" data-rel=\"iLightbox[gallery_image_1]\" class=\"fusion-lightbox\"><img src=\"https:\/\/ipekceken.com\/wp-content\/uploads\/2018\/06\/17-nisan-2018-cumhuriyet.png\" width=\"608\" height=\"1667\" alt=\"\" title=\"17-nisan-2018-cumhuriyet\" aria-label=\"17-nisan-2018-cumhuriyet\" class=\"img-responsive wp-image-1388\" srcset=\"https:\/\/ipekceken.com\/wp-content\/uploads\/2018\/06\/17-nisan-2018-cumhuriyet-200x548.png 200w, https:\/\/ipekceken.com\/wp-content\/uploads\/2018\/06\/17-nisan-2018-cumhuriyet-400x1097.png 400w, https:\/\/ipekceken.com\/wp-content\/uploads\/2018\/06\/17-nisan-2018-cumhuriyet-600x1645.png 600w, https:\/\/ipekceken.com\/wp-content\/uploads\/2018\/06\/17-nisan-2018-cumhuriyet.png 608w\" sizes=\"(min-width: 2200px) 100vw, (min-width: 800px) 580px, (min-width: 640px) 800px, \" \/><\/a><\/div><\/div><div class=\"clearfix\"><\/div><div style=\"padding:11px;\" class=\"fusion-grid-column fusion-gallery-column fusion-gallery-column-2 hover-type-none\"><div class=\"fusion-gallery-image\"><a href=\"https:\/\/ipekceken.com\/wp-content\/uploads\/2018\/06\/27-kasim-2017-hurriyet.png\" rel=\"noreferrer\" data-rel=\"iLightbox[gallery_image_1]\" class=\"fusion-lightbox\"><img src=\"https:\/\/ipekceken.com\/wp-content\/uploads\/2018\/06\/27-kasim-2017-hurriyet.png\" width=\"1330\" height=\"1000\" alt=\"\" title=\"27-kasim-2017-hurriyet\" aria-label=\"27-kasim-2017-hurriyet\" class=\"img-responsive wp-image-1389\" srcset=\"https:\/\/ipekceken.com\/wp-content\/uploads\/2018\/06\/27-kasim-2017-hurriyet-200x150.png 200w, https:\/\/ipekceken.com\/wp-content\/uploads\/2018\/06\/27-kasim-2017-hurriyet-400x301.png 400w, https:\/\/ipekceken.com\/wp-content\/uploads\/2018\/06\/27-kasim-2017-hurriyet-600x451.png 600w, https:\/\/ipekceken.com\/wp-content\/uploads\/2018\/06\/27-kasim-2017-hurriyet-800x602.png 800w, https:\/\/ipekceken.com\/wp-content\/uploads\/2018\/06\/27-kasim-2017-hurriyet-1200x902.png 1200w, https:\/\/ipekceken.com\/wp-content\/uploads\/2018\/06\/27-kasim-2017-hurriyet.png 1330w\" sizes=\"(min-width: 2200px) 100vw, (min-width: 800px) 580px, (min-width: 640px) 800px, \" \/><\/a><\/div><\/div><div style=\"padding:11px;\" class=\"fusion-grid-column fusion-gallery-column fusion-gallery-column-2 hover-type-none\"><div class=\"fusion-gallery-image\"><a href=\"https:\/\/ipekceken.com\/wp-content\/uploads\/2018\/06\/31-mart-cumhuriyet.png\" rel=\"noreferrer\" data-rel=\"iLightbox[gallery_image_1]\" class=\"fusion-lightbox\"><img src=\"https:\/\/ipekceken.com\/wp-content\/uploads\/2018\/06\/31-mart-cumhuriyet.png\" width=\"954\" height=\"2100\" alt=\"\" title=\"31-mart-cumhuriyet\" aria-label=\"31-mart-cumhuriyet\" class=\"img-responsive wp-image-1390\" srcset=\"https:\/\/ipekceken.com\/wp-content\/uploads\/2018\/06\/31-mart-cumhuriyet-200x440.png 200w, https:\/\/ipekceken.com\/wp-content\/uploads\/2018\/06\/31-mart-cumhuriyet-400x881.png 400w, https:\/\/ipekceken.com\/wp-content\/uploads\/2018\/06\/31-mart-cumhuriyet-600x1321.png 600w, https:\/\/ipekceken.com\/wp-content\/uploads\/2018\/06\/31-mart-cumhuriyet-800x1761.png 800w, https:\/\/ipekceken.com\/wp-content\/uploads\/2018\/06\/31-mart-cumhuriyet.png 954w\" sizes=\"(min-width: 2200px) 100vw, (min-width: 800px) 580px, (min-width: 640px) 800px, \" \/><\/a><\/div><\/div><div class=\"clearfix\"><\/div><\/div><div class=\"fusion-clearfix\"><\/div><\/div><\/div><\/div><\/div><div class=\"fusion-fullwidth fullwidth-box fusion-builder-row-2 nonhundred-percent-fullwidth non-hundred-percent-height-scrolling\" style=\"background-color: #0f0f0f;background-position: center center;background-repeat: no-repeat;padding-top:0px;padding-right:0px;padding-bottom:0px;padding-left:0px;margin-bottom: 0px;margin-top: 0px;border-width: 0px 0px 0px 0px;border-color:#eae9e9;border-style:solid;\" ><div class=\"fusion-builder-row fusion-row\"><div class=\"fusion-layout-column fusion_builder_column fusion-builder-column-1 fusion_builder_column_1_1 1_1 fusion-one-full fusion-column-first fusion-column-last\" style=\"margin-top:40px;margin-bottom:20px;\"><div class=\"fusion-column-wrapper fusion-flex-column-wrapper-legacy\" style=\"background-position:left top;background-repeat:no-repeat;-webkit-background-size:cover;-moz-background-size:cover;-o-background-size:cover;background-size:cover;padding: 0px 0px 0px 0px;\"><div class=\"fusion-text fusion-text-1\" style=\"transform:translate3d(0,0,0);\"><h3 style=\"text-align: center;\"><span style=\"color: #ffffff;\">NEWS ABOUT \u0130PEK \u00c7EKEN<\/span><\/h3>\n<\/div><div class=\"fusion-clearfix\"><\/div><\/div><\/div><div class=\"fusion-layout-column fusion_builder_column fusion-builder-column-2 fusion_builder_column_1_5 1_5 fusion-one-fifth fusion-column-first\" style=\"width:20%;width:calc(20% - ( ( 4% + 4% + 4% + 4% ) * 0.2 ) );margin-right: 4%;margin-top:20px;margin-bottom:80px;\"><div class=\"fusion-column-wrapper fusion-flex-column-wrapper-legacy\" style=\"background-position:left top;background-repeat:no-repeat;-webkit-background-size:cover;-moz-background-size:cover;-o-background-size:cover;background-size:cover;background-color:#0f0f0f;padding: 0px 0px 0px 0px;\"><div class=\"fusion-text fusion-text-2\" style=\"transform:translate3d(0,0,0);\"><p style=\"text-align: center;\"><span style=\"color: #ffffff;\">Can K\u0131r\u0131klar\u0131 pr\u00f6miyer yapt\u0131<\/span><\/p>\n<\/div><div class=\"fusion-text fusion-text-3\" style=\"transform:translate3d(0,0,0);\"><p style=\"text-align: center;\"><a href=\"http:\/\/www.hurriyet.com.tr\/can-kiriklari-promiyer-yapti-40463466\">19 May\u0131s 2017 H\u00fcrriyet<\/a><\/p>\n<\/div><div class=\"fusion-clearfix\"><\/div><\/div><\/div><div class=\"fusion-layout-column fusion_builder_column fusion-builder-column-3 fusion_builder_column_1_5 1_5 fusion-one-fifth\" style=\"width:20%;width:calc(20% - ( ( 4% + 4% + 4% + 4% ) * 0.2 ) );margin-right: 4%;margin-top:20px;margin-bottom:80px;\"><div class=\"fusion-column-wrapper fusion-flex-column-wrapper-legacy\" style=\"background-position:left top;background-repeat:no-repeat;-webkit-background-size:cover;-moz-background-size:cover;-o-background-size:cover;background-size:cover;background-color:#0f0f0f;padding: 0px 0px 0px 0px;\"><div class=\"fusion-text fusion-text-4\" style=\"transform:translate3d(0,0,0);\"><p style=\"text-align: center;\"><span style=\"color: #ffffff;\">Uluslararas\u0131 Adana Tiyatro Festivali<\/span><\/p>\n<\/div><div class=\"fusion-text fusion-text-5\" style=\"transform:translate3d(0,0,0);\"><p style=\"text-align: center;\"><a href=\"http:\/\/www.milliyet.com.tr\/20-devlet-tiyatrolari-sabanci-uluslararasi-adana-yerelhaber-2689320\/\">27 Mart 2018 Milliyet<\/a><\/p>\n<\/div><div class=\"fusion-clearfix\"><\/div><\/div><\/div><div class=\"fusion-layout-column fusion_builder_column fusion-builder-column-4 fusion_builder_column_1_5 1_5 fusion-one-fifth\" style=\"width:20%;width:calc(20% - ( ( 4% + 4% + 4% + 4% ) * 0.2 ) );margin-right: 4%;margin-top:20px;margin-bottom:80px;\"><div class=\"fusion-column-wrapper fusion-flex-column-wrapper-legacy\" style=\"background-position:left top;background-repeat:no-repeat;-webkit-background-size:cover;-moz-background-size:cover;-o-background-size:cover;background-size:cover;background-color:#0f0f0f;padding: 0px 0px 0px 0px;\"><div class=\"fusion-text fusion-text-6\" style=\"transform:translate3d(0,0,0);\"><p style=\"text-align: center;\"><span style=\"color: #ffffff;\">M\u00fcjdat Gezen\u2019e onur \u00f6d\u00fcl\u00fc<\/span><\/p>\n<\/div><div class=\"fusion-text fusion-text-7\" style=\"transform:translate3d(0,0,0);\"><p style=\"text-align: center;\"><a href=\"http:\/\/www.hurriyet.com.tr\/mujdat-gezene-onur-odulu-40658005\">25 Kas\u0131m 2017 H\u00fcrriyet<\/a><\/p>\n<\/div><div class=\"fusion-clearfix\"><\/div><\/div><\/div><div class=\"fusion-layout-column fusion_builder_column fusion-builder-column-5 fusion_builder_column_1_5 1_5 fusion-one-fifth\" style=\"width:20%;width:calc(20% - ( ( 4% + 4% + 4% + 4% ) * 0.2 ) );margin-right: 4%;margin-top:20px;margin-bottom:80px;\"><div class=\"fusion-column-wrapper fusion-flex-column-wrapper-legacy\" style=\"background-position:left top;background-repeat:no-repeat;-webkit-background-size:cover;-moz-background-size:cover;-o-background-size:cover;background-size:cover;background-color:#0f0f0f;padding: 0px 0px 0px 0px;\"><div class=\"fusion-text fusion-text-8\" style=\"transform:translate3d(0,0,0);\"><p style=\"text-align: center;\"><span style=\"color: #ffffff;\">\u0130pek \u00c7eken&#8217;den \u00f6d\u00fcl protestosu<\/span><\/p>\n<\/div><div class=\"fusion-text fusion-text-9\" style=\"transform:translate3d(0,0,0);\"><p style=\"text-align: center;\"><a href=\"http:\/\/www.hurriyet.com.tr\/kelebek\/ipek-cekenden-odul-protestosu-25850348\">20 \u015eubat 2014 H\u00fcrriyet<\/a><\/p>\n<\/div><div class=\"fusion-clearfix\"><\/div><\/div><\/div><div class=\"fusion-layout-column fusion_builder_column fusion-builder-column-6 fusion_builder_column_1_5 1_5 fusion-one-fifth fusion-column-last\" style=\"width:20%;width:calc(20% - ( ( 4% + 4% + 4% + 4% ) * 0.2 ) );margin-top:20px;margin-bottom:80px;\"><div class=\"fusion-column-wrapper fusion-flex-column-wrapper-legacy\" style=\"background-position:left top;background-repeat:no-repeat;-webkit-background-size:cover;-moz-background-size:cover;-o-background-size:cover;background-size:cover;background-color:#0f0f0f;padding: 0px 0px 0px 0px;\"><div class=\"fusion-text fusion-text-10\" style=\"transform:translate3d(0,0,0);\"><p style=\"text-align: center;\"><span style=\"color: #ffffff;\">4 kez en iyi se\u00e7ildi, \u00f6d\u00fclleri reddetti<\/span><\/p>\n<\/div><div class=\"fusion-text fusion-text-11\" style=\"transform:translate3d(0,0,0);\"><p style=\"text-align: center;\"><a href=\"http:\/\/www.haber7.com\/tiyatro-ve-sahne-sanatlari\/haber\/1132639-4-kez-en-iyi-secildi-odulleri-reddetti\">28 \u015eubat 2014 Haber 7<\/a><\/p>\n<\/div><div class=\"fusion-clearfix\"><\/div><\/div><\/div><\/div><\/div><div class=\"fusion-fullwidth fullwidth-box fusion-builder-row-3 fusion-parallax-fixed nonhundred-percent-fullwidth non-hundred-percent-height-scrolling\" style=\"background-color: rgba(255,255,255,0);background-image: url(&quot;http:\/\/ipekceken.com\/\/wp-content\/uploads\/2018\/06\/footer-.jpg&quot;);background-position: center center;background-repeat: no-repeat;padding-top:250px;padding-right:0px;padding-bottom:250px;padding-left:0px;margin-bottom: 0px;margin-top: 0px;border-width: 0px 0px 0px 0px;border-color:#eae9e9;border-style:solid;-webkit-background-size:cover;-moz-background-size:cover;-o-background-size:cover;background-size:cover;background-attachment:fixed;\" ><div class=\"fusion-builder-row fusion-row\"><div class=\"fusion-layout-column fusion_builder_column fusion-builder-column-7 fusion_builder_column_1_1 1_1 fusion-one-full fusion-column-first fusion-column-last\" style=\"margin-top:0px;margin-bottom:20px;\"><div class=\"fusion-column-wrapper fusion-flex-column-wrapper-legacy\" style=\"background-position:left top;background-repeat:no-repeat;-webkit-background-size:cover;-moz-background-size:cover;-o-background-size:cover;background-size:cover;padding: 0px 11% 0px 11%;\"><div class=\"fusion-sep-clear\"><\/div><div class=\"fusion-separator fusion-full-width-sep\" style=\"margin-left: auto;margin-right: auto;margin-top:25px;width:100%;\"><\/div><div class=\"fusion-sep-clear\"><\/div><div class=\"fusion-clearfix\"><\/div><\/div><\/div><div class=\"fusion-layout-column fusion_builder_column fusion-builder-column-8 fusion_builder_column_1_4 1_4 fusion-one-fourth fusion-column-first\" style=\"width:25%;width:calc(25% - ( ( 4% + 4% + 4% ) * 0.25 ) );margin-right: 4%;margin-top:0px;margin-bottom:20px;\"><div class=\"fusion-column-wrapper fusion-flex-column-wrapper-legacy\" style=\"background-position:left top;background-repeat:no-repeat;-webkit-background-size:cover;-moz-background-size:cover;-o-background-size:cover;background-size:cover;padding: 0px 0px 0px 0px;\"><div class=\"fusion-clearfix\"><\/div><\/div><\/div><div class=\"fusion-layout-column fusion_builder_column fusion-builder-column-9 fusion_builder_column_1_4 1_4 fusion-one-fourth\" style=\"width:25%;width:calc(25% - ( ( 4% + 4% + 4% ) * 0.25 ) );margin-right: 4%;margin-top:0px;margin-bottom:20px;\"><div class=\"fusion-column-wrapper fusion-flex-column-wrapper-legacy\" style=\"background-position:left top;background-repeat:no-repeat;-webkit-background-size:cover;-moz-background-size:cover;-o-background-size:cover;background-size:cover;padding: 0px 0px 0px 0px;\"><div class=\"fusion-clearfix\"><\/div><\/div><\/div><div class=\"fusion-layout-column fusion_builder_column fusion-builder-column-10 fusion_builder_column_1_4 1_4 fusion-one-fourth\" style=\"width:25%;width:calc(25% - ( ( 4% + 4% + 4% ) * 0.25 ) );margin-right: 4%;margin-top:0px;margin-bottom:20px;\"><div class=\"fusion-column-wrapper fusion-flex-column-wrapper-legacy\" style=\"background-position:left top;background-repeat:no-repeat;-webkit-background-size:cover;-moz-background-size:cover;-o-background-size:cover;background-size:cover;padding: 0px 0px 0px 0px;\"><div class=\"fusion-clearfix\"><\/div><\/div><\/div><div class=\"fusion-layout-column fusion_builder_column fusion-builder-column-11 fusion_builder_column_1_4 1_4 fusion-one-fourth fusion-column-last\" style=\"width:25%;width:calc(25% - ( ( 4% + 4% + 4% ) * 0.25 ) );margin-top:0px;margin-bottom:30px;\"><div class=\"fusion-column-wrapper fusion-flex-column-wrapper-legacy\" style=\"background-position:left top;background-repeat:no-repeat;-webkit-background-size:cover;-moz-background-size:cover;-o-background-size:cover;background-size:cover;padding: 0px 60px 0px 0px;\"><div class=\"fusion-column-content-centered\"><div class=\"fusion-column-content\"><div class=\"imageframe-align-center\"><span class=\" fusion-imageframe imageframe-none imageframe-1 hover-type-none\"><img width=\"300\" height=\"120\" src=\"http:\/\/ipekceken.com\/\/wp-content\/uploads\/2018\/06\/ipek-ceken-logo.png\" class=\"img-responsive wp-image-1538\" srcset=\"https:\/\/ipekceken.com\/wp-content\/uploads\/2018\/06\/ipek-ceken-logo-200x80.png 200w, https:\/\/ipekceken.com\/wp-content\/uploads\/2018\/06\/ipek-ceken-logo.png 300w\" sizes=\"(max-width: 1024px) 100vw, 200px\" \/><\/span><\/div><div class=\"fusion-text fusion-text-12\" style=\"transform:translate3d(0,0,0);\"><p style=\"text-align: center;\"><span style=\"color: #ffffff;\">Social Media<\/span><\/p>\n<\/div><div class=\"aligncenter\"><div class=\"fusion-social-links\"><div class=\"fusion-social-networks\"><div class=\"fusion-social-networks-wrapper\"><a class=\"fusion-social-network-icon fusion-tooltip fusion-instagram fusion-icon-instagram\" style=\"color:#bebdbd;font-size:16px;\" data-placement=\"top\" data-title=\"Instagram\" data-toggle=\"tooltip\" title=\"Instagram\" aria-label=\"instagram\" target=\"_blank\" rel=\"noopener noreferrer\" href=\"https:\/\/www.instagram.com\/ipekcekenn\/\"><\/a><a class=\"fusion-social-network-icon fusion-tooltip fusion-youtube fusion-icon-youtube\" style=\"color:#bebdbd;font-size:16px;\" data-placement=\"top\" data-title=\"YouTube\" data-toggle=\"tooltip\" title=\"YouTube\" aria-label=\"youtube\" target=\"_blank\" rel=\"noopener noreferrer\" href=\"https:\/\/www.youtube.com\/channel\/UCM2jy35Ur2Y01txejEuxcRA\"><\/a><a class=\"fusion-social-network-icon fusion-tooltip fusion-mail fusion-icon-mail\" style=\"color:#bebdbd;font-size:16px;\" data-placement=\"top\" data-title=\"Email\" data-toggle=\"tooltip\" title=\"Email\" aria-label=\"mail\" target=\"_blank\" rel=\"noopener noreferrer\" href=\"mailto:in&#102;&#111;&#064;&#105;&#112;&#101;k&#099;&#101;ken&#046;&#099;&#111;&#109;\"><\/a><\/div><\/div><\/div><\/div><div class=\"fusion-sep-clear\"><\/div><div class=\"fusion-separator fusion-full-width-sep\" style=\"margin-left: auto;margin-right: auto;margin-bottom:30px;width:100%;\"><\/div><div class=\"fusion-sep-clear\"><\/div><div class=\"fusion-aligncenter\"><style type=\"text\/css\">.fusion-button.button-1 .fusion-button-text, .fusion-button.button-1 i {color:#ffffff;}.fusion-button.button-1 .fusion-button-icon-divider{border-color:#ffffff;}.fusion-button.button-1:hover .fusion-button-text, .fusion-button.button-1:hover i,.fusion-button.button-1:focus .fusion-button-text, .fusion-button.button-1:focus i,.fusion-button.button-1:active .fusion-button-text, .fusion-button.button-1:active{color:#ffffff;}.fusion-button.button-1:hover .fusion-button-icon-divider, .fusion-button.button-1:hover .fusion-button-icon-divider, .fusion-button.button-1:active .fusion-button-icon-divider{border-color:#ffffff;}.fusion-button.button-1:hover, .fusion-button.button-1:focus, .fusion-button.button-1:active{border-color:#ffffff;}.fusion-button.button-1 {border-color:#ffffff;border-radius:0px;}.fusion-button.button-1{background: #000000;}.fusion-button.button-1:hover,.button-1:focus,.fusion-button.button-1:active{background: #000000;}<\/style><a class=\"fusion-button button-flat fusion-button-default-size button-custom button-1 fusion-button-default-span fusion-button-default-type fusion-animated\" data-animationType=\"fadeInLeft\" data-animationDuration=\"0.3\" data-animationOffset=\"100%\" target=\"_self\" href=\"http:\/\/ipekceken.com\/\/iletisim\/\"><span class=\"fusion-button-text\">CONTACT<\/span><\/a><\/div><\/div><\/div><div class=\"fusion-clearfix\"><\/div><\/div><\/div><\/div><\/div>\n<\/p>\n","protected":false},"excerpt":{"rendered":"","protected":false},"author":1,"featured_media":0,"parent":0,"menu_order":0,"comment_status":"closed","ping_status":"closed","template":"100-width.php","meta":[],"translation":{"provider":"WPGlobus","version":"2.7.10","language":"en","enabled_languages":["tr","en"],"languages":{"tr":{"title":true,"content":true,"excerpt":false},"en":{"title":true,"content":true,"excerpt":false}}},"_links":{"self":[{"href":"https:\/\/ipekceken.com\/en\/wp-json\/wp\/v2\/pages\/10"}],"collection":[{"href":"https:\/\/ipekceken.com\/en\/wp-json\/wp\/v2\/pages"}],"about":[{"href":"https:\/\/ipekceken.com\/en\/wp-json\/wp\/v2\/types\/page"}],"author":[{"embeddable":true,"href":"https:\/\/ipekceken.com\/en\/wp-json\/wp\/v2\/users\/1"}],"replies":[{"embeddable":true,"href":"https:\/\/ipekceken.com\/en\/wp-json\/wp\/v2\/comments?post=10"}],"version-history":[{"count":43,"href":"https:\/\/ipekceken.com\/en\/wp-json\/wp\/v2\/pages\/10\/revisions"}],"predecessor-version":[{"id":1231,"href":"https:\/\/ipekceken.com\/en\/wp-json\/wp\/v2\/pages\/10\/revisions\/1231"}],"wp:attachment":[{"href":"https:\/\/ipekceken.com\/en\/wp-json\/wp\/v2\/media?parent=10"}],"curies":[{"name":"wp","href":"https:\/\/api.w.org\/{rel}","templated":true}]}}